{"id":1462,"date":"2025-12-08T13:39:36","date_gmt":"2025-12-08T13:39:36","guid":{"rendered":"https:\/\/arianeimmobilier.fr\/?page_id=1462"},"modified":"2025-12-08T13:52:12","modified_gmt":"2025-12-08T13:52:12","slug":"simulez-votre-pret-immobilier","status":"publish","type":"page","link":"https:\/\/arianeimmobilier.fr\/en\/simulateurs\/simulez-votre-pret-immobilier\/","title":{"rendered":"Simulate your mortgage loan"},"content":{"rendered":"<div data-elementor-type=\"wp-page\" data-elementor-id=\"1462\" class=\"elementor elementor-1462\" data-elementor-post-type=\"page\">\n\t\t\t\t\t\t<section class=\"elementor-section elementor-top-section elementor-element elementor-element-66aa051 elementor-section-boxed elementor-section-height-default elementor-section-height-default\" data-id=\"66aa051\" data-element_type=\"section\" data-e-type=\"section\" data-settings=\"{&quot;background_background&quot;:&quot;classic&quot;}\">\n\t\t\t\t\t\t\t<div class=\"elementor-background-overlay\"><\/div>\n\t\t\t\t\t\t\t<div class=\"elementor-container elementor-column-gap-default\">\n\t\t\t\t\t<div class=\"elementor-column elementor-col-100 elementor-top-column elementor-element elementor-element-1bf09ec8\" data-id=\"1bf09ec8\" data-element_type=\"column\" data-e-type=\"column\">\n\t\t\t<div class=\"elementor-widget-wrap elementor-element-populated\">\n\t\t\t\t\t\t<div class=\"elementor-element elementor-element-1d99d063 elementor-align-center elementor-widget elementor-widget-breadcrumbs\" data-id=\"1d99d063\" data-element_type=\"widget\" data-e-type=\"widget\" data-widget_type=\"breadcrumbs.default\">\n\t\t\t\t\t<p id=\"breadcrumbs\"><span><span><a href=\"https:\/\/arianeimmobilier.fr\/\">Welcome<\/a><\/span><\/span><\/p>\t\t\t\t<\/div>\n\t\t\t\t<div class=\"elementor-element elementor-element-6b26230f elementor-widget elementor-widget-heading\" data-id=\"6b26230f\" data-element_type=\"widget\" data-e-type=\"widget\" data-widget_type=\"heading.default\">\n\t\t\t\t\t<h1 class=\"elementor-heading-title elementor-size-default\">Simulate your mortgage loan<\/h1>\t\t\t\t<\/div>\n\t\t\t\t<div class=\"elementor-element elementor-element-3b92c39 elementor-widget elementor-widget-shortcode\" data-id=\"3b92c39\" data-element_type=\"widget\" data-e-type=\"widget\" data-widget_type=\"shortcode.default\">\n\t\t\t\t\t\t\t<div class=\"elementor-shortcode\">\n<style>\n    \n    #emc-calculator-69ececef33f95 .rangeslider__fill {\n        background: #0a0000    }\n\n    #emc-calculator-69ececef33f95:not(.emc-calculator--circle)  .rangeslider__handle {\n        _border-color: #000000 #000000 #0a0000 #000000;\n        border-color: transparent transparent #0a0000 transparent;\n    }\n\n    #emc-calculator-69ececef33f95.emc-calculator--circle  .rangeslider__handle {\n        background: #0a0000    }\n\n    #emc-calculator-69ececef33f95 .emc-btn {\n        border: 1px solid #0a0000;\n        color: #0a0000;\n    }\n\n    #emc-calculator-69ececef33f95 .emc-btn:hover {\n        background: #0a0000;\n        color: #fff;\n    }\n\n    #emc-calculator-popup-69ececef33f95 .ct-series-d .ct-slice-donut {\n        stroke: #0a0000    }\n\n    #emc-calculator-popup-69ececef33f95 .ct-series-b .ct-slice-donut {\n        stroke: #000000    }\n\n    #emc-calculator-popup-69ececef33f95 .ct-series-c .ct-slice-donut {\n        stroke: #0a0000    }\n\n    #emc-calculator-popup-69ececef33f95 .ct-series-e .ct-slice-donut {\n        stroke: #e08d21    }\n\n    #emc-calculator-popup-69ececef33f95 .emc-popup-graph-wrap .emc-popup-info__field--interest {\n        border-left: 3px solid #0a0000;\n    }\n\n    #emc-calculator-popup-69ececef33f95 .emc-popup-graph-wrap .emc-popup-info__field--home_insurance {\n        border-left: 3px solid #000000;\n    }\n\n    #emc-calculator-popup-69ececef33f95 .emc-popup-graph-wrap .emc-popup-info__field--property_tax {\n        border-left: 3px solid #0a0000;\n    }\n\n    #emc-calculator-69ececef33f95 .emc-field input {\n        color: #000000;\n    }\n\n    #emc-calculator-popup-69ececef33f95 .emc-popup-graph-wrap .emc-popup-info__field--pmi {\n        border-left: 3px solid #e08d21;\n    }\n\n    #emc-calculator-popup-69ececef33f95 .emc-popup-text-wrap .emc-result-total {\n        color: #0a0000;\n    }\n\n    #emc-calculator-69ececef33f95 .emc-info svg:hover g {\n        fill: #0a0000 !important;\n    }\n<\/style>\n\n<div class=\"emc-calculator emc-calculator--v1 emc-calculator--horizontal emc-calculator--triangle\" id=\"emc-calculator-69ececef33f95\">\n    <form method=\"post\" class=\"js-emc-calculator\" data-args='{&quot;currency_position&quot;:&quot;after&quot;,&quot;amortization_period&quot;:&quot;monthly&quot;,&quot;popup_type&quot;:&quot;graph&quot;,&quot;default_purchase_price&quot;:&quot;300000&quot;,&quot;max_purchase_price&quot;:&quot;1000000&quot;,&quot;purchase_price_step&quot;:&quot;1&quot;,&quot;default_down_payment&quot;:&quot;30000&quot;,&quot;down_payment_step&quot;:&quot;1&quot;,&quot;default_property_tax&quot;:&quot;3000&quot;,&quot;max_property_tax&quot;:&quot;10000&quot;,&quot;property_tax_step&quot;:&quot;1&quot;,&quot;default_home_insurance&quot;:&quot;1000&quot;,&quot;max_home_insurance&quot;:&quot;3000&quot;,&quot;home_insurance_step&quot;:&quot;1&quot;,&quot;default_pmi&quot;:&quot;1000&quot;,&quot;max_pmi&quot;:&quot;300000&quot;,&quot;pmi_step&quot;:&quot;1&quot;,&quot;default_interest_rate&quot;:&quot;3&quot;,&quot;max_interest_rate&quot;:&quot;10&quot;,&quot;interest_rate_step&quot;:&quot;0.1&quot;,&quot;default_term&quot;:&quot;20&quot;,&quot;max_term&quot;:&quot;25&quot;,&quot;term_step&quot;:&quot;1&quot;,&quot;currency&quot;:&quot;\\u20ac&quot;,&quot;number_format&quot;:&quot;,.&quot;,&quot;layout&quot;:&quot;horizontal&quot;,&quot;template&quot;:&quot;v1&quot;,&quot;slider_icon&quot;:&quot;triangle&quot;,&quot;container_width&quot;:&quot;&quot;,&quot;title&quot;:&quot;&quot;,&quot;color&quot;:&quot;#0a0000&quot;,&quot;interest_color&quot;:&quot;#0a0000&quot;,&quot;home_insurance_color&quot;:&quot;#000000&quot;,&quot;property_tax_color&quot;:&quot;#0a0000&quot;,&quot;pmi_color&quot;:&quot;#e08d21&quot;,&quot;digits_color&quot;:&quot;#000000&quot;,&quot;down_payment&quot;:&quot;0&quot;,&quot;property_tax&quot;:&quot;0&quot;,&quot;estatik_integration&quot;:&quot;1&quot;,&quot;pmi&quot;:&quot;0&quot;,&quot;home_insurance&quot;:&quot;0&quot;,&quot;uid&quot;:&quot;69ececef33f95&quot;}' action=\"\">\n\n\t\t\n        <div class=\"emc-field emc-field__purchase_price\">\n            <label class=\"emc-field__label\" for=\"purchase_price-69ececef33f95\">\n\t\t\t\tPurchase price\t\t\t\t                    <div class=\"emc-info\">\n                        <svg version=\"1.1\" xmlns=\"http:\/\/www.w3.org\/2000\/svg\" xmlns:xlink=\"http:\/\/www.w3.org\/1999\/xlink\" x=\"0px\" y=\"0px\" viewbox=\"0 0 65 65\" style=\"fill:#c8c8c8; enable-background:new 0 0 65 65;\" xml:space=\"preserve\">\n                            <g style=\"fill:gray\">\n                                <path d=\"M32.5,0C14.58,0,0,14.579,0,32.5S14.58,65,32.5,65S65,50.421,65,32.5S50.42,0,32.5,0z M32.5,61C16.785,61,4,48.215,4,32.5                                    S16.785,4,32.5,4S61,16.785,61,32.5S48.215,61,32.5,61z\"\/>\n                                <circle cx=\"33.018\" cy=\"19.541\" r=\"3.345\"\/>\n                                <path d=\"M32.137,28.342c-1.104,0-2,0.896-2,2v17c0,1.104,0.896,2,2,2s2-0.896,2-2v-17C34.137,29.237,33.241,28.342,32.137,28.342z\"\/>\n                            <\/g>\n                        <\/svg>\n                        <div class=\"emc-info__overlay\">Please enter here the amount you expect to pay for a home.<\/div>\n                    <\/div>\n\t\t\t\t            <\/label>\n            <div class=\"emc-field--content\">\n                <input type=\"text\" data-slider-target=\"#purchase_price-slider-69ececef33f95\" class=\"js-emc-price\" id=\"purchase_price-69ececef33f95\" value=\"300000\">\n\t\t\t\t            <\/div>\n            <label><input type=\"range\"\n                          class=\"js-emc-range-slider js-emc-purchase-price-field js-emc-down-payment-percentage-calc\"\n                          min=\"0\"\n                          step=\"1\"\n                          name=\"purchase_price\"\n                          id=\"purchase_price-slider-69ececef33f95\"\n                          data-field-target=\"#purchase_price-69ececef33f95\"\n                          max=\"1000000\"\n                          value=\"300000\"\/>\n            <\/label>\n        <\/div>\n\t\t\n\t\t\n\t\t\n        <div class=\"emc-field emc-field__term_years\">\n            <label class=\"emc-field__label\" for=\"term_years-69ececef33f95\">\n\t\t\t\tTerm in years\t\t\t\t                    <div class=\"emc-info\">\n                        <svg version=\"1.1\" xmlns=\"http:\/\/www.w3.org\/2000\/svg\" xmlns:xlink=\"http:\/\/www.w3.org\/1999\/xlink\" x=\"0px\" y=\"0px\" viewbox=\"0 0 65 65\" style=\"fill:#c8c8c8; enable-background:new 0 0 65 65;\" xml:space=\"preserve\">\n                            <g style=\"fill:gray\">\n                                <path d=\"M32.5,0C14.58,0,0,14.579,0,32.5S14.58,65,32.5,65S65,50.421,65,32.5S50.42,0,32.5,0z M32.5,61C16.785,61,4,48.215,4,32.5                                    S16.785,4,32.5,4S61,16.785,61,32.5S48.215,61,32.5,61z\"\/>\n                                <circle cx=\"33.018\" cy=\"19.541\" r=\"3.345\"\/>\n                                <path d=\"M32.137,28.342c-1.104,0-2,0.896-2,2v17c0,1.104,0.896,2,2,2s2-0.896,2-2v-17C34.137,29.237,33.241,28.342,32.137,28.342z\"\/>\n                            <\/g>\n                        <\/svg>\n                        <div class=\"emc-info__overlay\">Number of years you have to pay.<\/div>\n                    <\/div>\n\t\t\t\t            <\/label>\n            <div class=\"emc-field--content\">\n                <input type=\"text\" data-slider-target=\"#term_years-slider-69ececef33f95\" class=\"js-emc-field\" id=\"term_years-69ececef33f95\" value=\"20\">\n\t\t\t\t<span class=\"emc-units\">year(s)<\/span>            <\/div>\n            <label><input type=\"range\"\n                          class=\"js-emc-range-slider\"\n                          min=\"0\"\n                          step=\"1\"\n                          name=\"term_years\"\n                          id=\"term_years-slider-69ececef33f95\"\n                          data-field-target=\"#term_years-69ececef33f95\"\n                          max=\"25\"\n                          value=\"20\"\/>\n            <\/label>\n        <\/div>\n\t\t\n\t\t\n        <div class=\"emc-field emc-field__interest_rate\">\n            <label class=\"emc-field__label\" for=\"interest_rate-69ececef33f95\">\n\t\t\t\tInterest rate (per year)\t\t\t\t                    <div class=\"emc-info\">\n                        <svg version=\"1.1\" xmlns=\"http:\/\/www.w3.org\/2000\/svg\" xmlns:xlink=\"http:\/\/www.w3.org\/1999\/xlink\" x=\"0px\" y=\"0px\" viewbox=\"0 0 65 65\" style=\"fill:#c8c8c8; enable-background:new 0 0 65 65;\" xml:space=\"preserve\">\n                            <g style=\"fill:gray\">\n                                <path d=\"M32.5,0C14.58,0,0,14.579,0,32.5S14.58,65,32.5,65S65,50.421,65,32.5S50.42,0,32.5,0z M32.5,61C16.785,61,4,48.215,4,32.5                                    S16.785,4,32.5,4S61,16.785,61,32.5S48.215,61,32.5,61z\"\/>\n                                <circle cx=\"33.018\" cy=\"19.541\" r=\"3.345\"\/>\n                                <path d=\"M32.137,28.342c-1.104,0-2,0.896-2,2v17c0,1.104,0.896,2,2,2s2-0.896,2-2v-17C34.137,29.237,33.241,28.342,32.137,28.342z\"\/>\n                            <\/g>\n                        <\/svg>\n                        <div class=\"emc-info__overlay\">The percentage of interest that you will pay on your mortgage for a specific term.<\/div>\n                    <\/div>\n\t\t\t\t            <\/label>\n            <div class=\"emc-field--content\">\n                <input type=\"text\" data-slider-target=\"#interest_rate-slider-69ececef33f95\" class=\"js-emc-percentage js-emc-field\" id=\"interest_rate-69ececef33f95\" value=\"3\">\n\t\t\t\t            <\/div>\n            <label><input type=\"range\"\n                          class=\"js-emc-range-slider\"\n                          min=\"0\"\n                          step=\"0.1\"\n                          name=\"interest_rate\"\n                          id=\"interest_rate-slider-69ececef33f95\"\n                          data-field-target=\"#interest_rate-69ececef33f95\"\n                          max=\"10\"\n                          value=\"3\"\/>\n            <\/label>\n        <\/div>\n\t\t\n\t\t\n\t\t\n\t\t\n\t\t<div class='emc-field emc-field__submit'><a href='#' class='emc-btn js-emc-submit'>Calculate<\/a><\/div>    <input type=\"hidden\" name=\"trp-form-language\" value=\"en\"\/><\/form>\n<\/div>\n\n<div id=\"emc-calculator-popup-69ececef33f95\" class=\"emc-calculator-popup mfp-hide emc-popup--graph\">\n\t<h4>Your total monthly payment<\/h4>\n<div class=\"emc-popup-graph-wrap\">\n\t<div class=\"emc-popup-graph\">\n        <span class=\"js-result-total emc-result-total js-result-styled\"><\/span>\n\t\t<div class=\"js-emc-chart emc-chart ct-chart ct-golden-section\"><\/div>\n\t<\/div>\n\t<div class=\"emc-popup-info\">\n\n\t\t<div class=\"emc-popup-info__field emc-popup-info__field--interest\">\n\t\t\t<div class=\"emc-popup-info__field-label\">Principal &amp; Interest<\/div>\n\t\t\t<div class=\"emc-popup-info__field-value js-result-interest\"><\/div>\n\t\t<\/div>\n\n\t\t\n\t\t\n\t\t\t<\/div>\n<\/div><\/div>\n<\/div>\n\t\t\t\t\t\t<\/div>\n\t\t\t\t\t<\/div>\n\t\t<\/div>\n\t\t\t\t\t<\/div>\n\t\t<\/section>\n\t\t\t\t<\/div>","protected":false},"excerpt":{"rendered":"<p>Simulate your mortgage loan<\/p>","protected":false},"author":1,"featured_media":0,"parent":183,"menu_order":0,"comment_status":"closed","ping_status":"closed","template":"","meta":{"footnotes":""},"class_list":["post-1462","page","type-page","status-publish","hentry"],"acf":[],"yoast_head":"<!-- This site is optimized with the Yoast SEO plugin v27.1.1 - https:\/\/yoast.com\/product\/yoast-seo-wordpress\/ -->\n<title>Simulez votre pr\u00eat immobilier \u00e0 Lyon, Rh\u00f4ne - Ariane Immobilier<\/title>\n<meta name=\"description\" content=\"Calculez votre capacit\u00e9 d\u2019emprunt, vos mensualit\u00e9s et le co\u00fbt total de votre pr\u00eat immobilier en quelques clics. Simulateur gratuit en ligne.\" \/>\n<meta name=\"robots\" content=\"index, follow, max-snippet:-1, max-image-preview:large, max-video-preview:-1\" \/>\n<link rel=\"canonical\" href=\"https:\/\/arianeimmobilier.fr\/en\/simulateurs\/simulez-votre-pret-immobilier\/\" \/>\n<meta property=\"og:locale\" content=\"en_GB\" \/>\n<meta property=\"og:type\" content=\"article\" \/>\n<meta property=\"og:title\" content=\"Simulez votre pr\u00eat immobilier \u00e0 Lyon, Rh\u00f4ne - Ariane Immobilier\" \/>\n<meta property=\"og:description\" content=\"Calculez votre capacit\u00e9 d\u2019emprunt, vos mensualit\u00e9s et le co\u00fbt total de votre pr\u00eat immobilier en quelques clics. Simulateur gratuit en ligne.\" \/>\n<meta property=\"og:url\" content=\"https:\/\/arianeimmobilier.fr\/en\/simulateurs\/simulez-votre-pret-immobilier\/\" \/>\n<meta property=\"og:site_name\" content=\"Ariane Immobilier\" \/>\n<meta property=\"article:modified_time\" content=\"2025-12-08T13:52:12+00:00\" \/>\n<meta name=\"twitter:card\" content=\"summary_large_image\" \/>\n<meta name=\"twitter:label1\" content=\"Estimated reading time\" \/>\n\t<meta name=\"twitter:data1\" content=\"1 minute\" \/>\n<script type=\"application\/ld+json\" class=\"yoast-schema-graph\">{\"@context\":\"https:\/\/schema.org\",\"@graph\":[{\"@type\":\"WebPage\",\"@id\":\"https:\/\/arianeimmobilier.fr\/simulateurs\/simulez-votre-pret-immobilier\/\",\"url\":\"https:\/\/arianeimmobilier.fr\/simulateurs\/simulez-votre-pret-immobilier\/\",\"name\":\"Simulez votre pr\u00eat immobilier \u00e0 Lyon, Rh\u00f4ne - Ariane Immobilier\",\"isPartOf\":{\"@id\":\"https:\/\/arianeimmobilier.fr\/#website\"},\"datePublished\":\"2025-12-08T13:39:36+00:00\",\"dateModified\":\"2025-12-08T13:52:12+00:00\",\"description\":\"Calculez votre capacit\u00e9 d\u2019emprunt, vos mensualit\u00e9s et le co\u00fbt total de votre pr\u00eat immobilier en quelques clics. Simulateur gratuit en ligne.\",\"breadcrumb\":{\"@id\":\"https:\/\/arianeimmobilier.fr\/simulateurs\/simulez-votre-pret-immobilier\/#breadcrumb\"},\"inLanguage\":\"en-GB\",\"potentialAction\":[{\"@type\":\"ReadAction\",\"target\":[\"https:\/\/arianeimmobilier.fr\/simulateurs\/simulez-votre-pret-immobilier\/\"]}]},{\"@type\":\"BreadcrumbList\",\"@id\":\"https:\/\/arianeimmobilier.fr\/simulateurs\/simulez-votre-pret-immobilier\/#breadcrumb\",\"itemListElement\":[{\"@type\":\"ListItem\",\"position\":1,\"name\":\"Accueil\",\"item\":\"https:\/\/arianeimmobilier.fr\/\"},{\"@type\":\"ListItem\",\"position\":2,\"name\":\"Simulateurs\",\"item\":\"https:\/\/arianeimmobilier.fr\/simulateurs\/\"},{\"@type\":\"ListItem\",\"position\":3,\"name\":\"Simulez votre pr\u00eat immobilier\"}]},{\"@type\":\"WebSite\",\"@id\":\"https:\/\/arianeimmobilier.fr\/#website\",\"url\":\"https:\/\/arianeimmobilier.fr\/\",\"name\":\"Ariane Immobilier\",\"description\":\"\",\"potentialAction\":[{\"@type\":\"SearchAction\",\"target\":{\"@type\":\"EntryPoint\",\"urlTemplate\":\"https:\/\/arianeimmobilier.fr\/?s={search_term_string}\"},\"query-input\":{\"@type\":\"PropertyValueSpecification\",\"valueRequired\":true,\"valueName\":\"search_term_string\"}}],\"inLanguage\":\"en-GB\"}]}<\/script>\n<!-- \/ Yoast SEO plugin. -->","yoast_head_json":{"title":"Simulez votre pr\u00eat immobilier \u00e0 Lyon, Rh\u00f4ne - Ariane Immobilier","description":"Calculez votre capacit\u00e9 d\u2019emprunt, vos mensualit\u00e9s et le co\u00fbt total de votre pr\u00eat immobilier en quelques clics. Simulateur gratuit en ligne.","robots":{"index":"index","follow":"follow","max-snippet":"max-snippet:-1","max-image-preview":"max-image-preview:large","max-video-preview":"max-video-preview:-1"},"canonical":"https:\/\/arianeimmobilier.fr\/en\/simulateurs\/simulez-votre-pret-immobilier\/","og_locale":"en_GB","og_type":"article","og_title":"Simulez votre pr\u00eat immobilier \u00e0 Lyon, Rh\u00f4ne - Ariane Immobilier","og_description":"Calculez votre capacit\u00e9 d\u2019emprunt, vos mensualit\u00e9s et le co\u00fbt total de votre pr\u00eat immobilier en quelques clics. Simulateur gratuit en ligne.","og_url":"https:\/\/arianeimmobilier.fr\/en\/simulateurs\/simulez-votre-pret-immobilier\/","og_site_name":"Ariane Immobilier","article_modified_time":"2025-12-08T13:52:12+00:00","twitter_card":"summary_large_image","twitter_misc":{"Estimated reading time":"1 minute"},"schema":{"@context":"https:\/\/schema.org","@graph":[{"@type":"WebPage","@id":"https:\/\/arianeimmobilier.fr\/simulateurs\/simulez-votre-pret-immobilier\/","url":"https:\/\/arianeimmobilier.fr\/simulateurs\/simulez-votre-pret-immobilier\/","name":"Simulez votre pr\u00eat immobilier \u00e0 Lyon, Rh\u00f4ne - Ariane Immobilier","isPartOf":{"@id":"https:\/\/arianeimmobilier.fr\/#website"},"datePublished":"2025-12-08T13:39:36+00:00","dateModified":"2025-12-08T13:52:12+00:00","description":"Calculez votre capacit\u00e9 d\u2019emprunt, vos mensualit\u00e9s et le co\u00fbt total de votre pr\u00eat immobilier en quelques clics. Simulateur gratuit en ligne.","breadcrumb":{"@id":"https:\/\/arianeimmobilier.fr\/simulateurs\/simulez-votre-pret-immobilier\/#breadcrumb"},"inLanguage":"en-GB","potentialAction":[{"@type":"ReadAction","target":["https:\/\/arianeimmobilier.fr\/simulateurs\/simulez-votre-pret-immobilier\/"]}]},{"@type":"BreadcrumbList","@id":"https:\/\/arianeimmobilier.fr\/simulateurs\/simulez-votre-pret-immobilier\/#breadcrumb","itemListElement":[{"@type":"ListItem","position":1,"name":"Accueil","item":"https:\/\/arianeimmobilier.fr\/"},{"@type":"ListItem","position":2,"name":"Simulateurs","item":"https:\/\/arianeimmobilier.fr\/simulateurs\/"},{"@type":"ListItem","position":3,"name":"Simulez votre pr\u00eat immobilier"}]},{"@type":"WebSite","@id":"https:\/\/arianeimmobilier.fr\/#website","url":"https:\/\/arianeimmobilier.fr\/","name":"Ariane Real Estate","description":"","potentialAction":[{"@type":"SearchAction","target":{"@type":"EntryPoint","urlTemplate":"https:\/\/arianeimmobilier.fr\/?s={search_term_string}"},"query-input":{"@type":"PropertyValueSpecification","valueRequired":true,"valueName":"search_term_string"}}],"inLanguage":"en-GB"}]}},"_links":{"self":[{"href":"https:\/\/arianeimmobilier.fr\/en\/wp-json\/wp\/v2\/pages\/1462","targetHints":{"allow":["GET"]}}],"collection":[{"href":"https:\/\/arianeimmobilier.fr\/en\/wp-json\/wp\/v2\/pages"}],"about":[{"href":"https:\/\/arianeimmobilier.fr\/en\/wp-json\/wp\/v2\/types\/page"}],"author":[{"embeddable":true,"href":"https:\/\/arianeimmobilier.fr\/en\/wp-json\/wp\/v2\/users\/1"}],"replies":[{"embeddable":true,"href":"https:\/\/arianeimmobilier.fr\/en\/wp-json\/wp\/v2\/comments?post=1462"}],"version-history":[{"count":7,"href":"https:\/\/arianeimmobilier.fr\/en\/wp-json\/wp\/v2\/pages\/1462\/revisions"}],"predecessor-version":[{"id":1499,"href":"https:\/\/arianeimmobilier.fr\/en\/wp-json\/wp\/v2\/pages\/1462\/revisions\/1499"}],"up":[{"embeddable":true,"href":"https:\/\/arianeimmobilier.fr\/en\/wp-json\/wp\/v2\/pages\/183"}],"wp:attachment":[{"href":"https:\/\/arianeimmobilier.fr\/en\/wp-json\/wp\/v2\/media?parent=1462"}],"curies":[{"name":"wp","href":"https:\/\/api.w.org\/{rel}","templated":true}]}}