{"id":1460,"date":"2025-12-08T13:38:17","date_gmt":"2025-12-08T13:38:17","guid":{"rendered":"https:\/\/arianeimmobilier.fr\/?page_id=1460"},"modified":"2026-02-11T14:59:46","modified_gmt":"2026-02-11T14:59:46","slug":"calculez-votre-ifi","status":"publish","type":"page","link":"https:\/\/arianeimmobilier.fr\/en\/simulateurs\/calculez-votre-ifi\/","title":{"rendered":"Calculate your IFI"},"content":{"rendered":"<div data-elementor-type=\"wp-page\" data-elementor-id=\"1460\" class=\"elementor elementor-1460\" data-elementor-post-type=\"page\">\n\t\t\t\t\t\t<section class=\"elementor-section elementor-top-section elementor-element elementor-element-44191b4a elementor-section-boxed elementor-section-height-default elementor-section-height-default\" data-id=\"44191b4a\" data-element_type=\"section\" data-e-type=\"section\" data-settings=\"{&quot;background_background&quot;:&quot;classic&quot;}\">\n\t\t\t\t\t\t\t<div class=\"elementor-background-overlay\"><\/div>\n\t\t\t\t\t\t\t<div class=\"elementor-container elementor-column-gap-default\">\n\t\t\t\t\t<div class=\"elementor-column elementor-col-100 elementor-top-column elementor-element elementor-element-74c729c1\" data-id=\"74c729c1\" data-element_type=\"column\" data-e-type=\"column\">\n\t\t\t<div class=\"elementor-widget-wrap elementor-element-populated\">\n\t\t\t\t\t\t<div class=\"elementor-element elementor-element-85c7c99 elementor-align-center elementor-widget elementor-widget-breadcrumbs\" data-id=\"85c7c99\" data-element_type=\"widget\" data-e-type=\"widget\" data-widget_type=\"breadcrumbs.default\">\n\t\t\t\t\t<p id=\"breadcrumbs\"><span><span><a href=\"https:\/\/arianeimmobilier.fr\/\">Welcome<\/a><\/span><\/span><\/p>\t\t\t\t<\/div>\n\t\t\t\t<div class=\"elementor-element elementor-element-6ca19dc elementor-widget elementor-widget-html\" data-id=\"6ca19dc\" data-element_type=\"widget\" data-e-type=\"widget\" data-widget_type=\"html.default\">\n\t\t\t\t\t<div class=\"simul_ifi_wrapper\">\n  <div class=\"simul_ifi_card\">\n    \n    <h1 class=\"simul_ifi_title\">Calculate your IFI<\/h1>\n    <p class=\"simul_ifi_subtitle\">Quickly estimate your Real Estate Wealth Tax<\/p>\n\n    <div class=\"simul_ifi_field\">\n      <label class=\"simul_ifi_label\">Net taxable value<\/label>\n      \n      <div class=\"simul_ifi_input_group\">\n        <input \n          type=\"text\" \n          id=\"patrimoine\" \n          class=\"simul_ifi_input\"\n          placeholder=\"Example: 2,500,000\"\n        >\n        <span class=\"simul_ifi_currency\">\u20ac<\/span>\n      <\/div>\n\n      <input \n        type=\"range\" \n        min=\"0\" \n        max=\"15000000\" \n        step=\"50000\" \n        value=\"2500000\"\n        class=\"simul_ifi_slider\"\n        id=\"ifiRange\"\n      >\n    <\/div>\n\n    <button class=\"simul_ifi_button\" onclick=\"calculIFI()\">\n      Get the results\n    <\/button>\n\n    <div class=\"simul_ifi_result_box\">\n      <p class=\"simul_ifi_result_label\">Estimated amount:<\/p>\n      <p id=\"resultat\" class=\"simul_ifi_result_value\">0 \u20ac<\/p>\n    <\/div>\n\n  <\/div>\n<\/div>\n\n<script>\nconst input = document.getElementById(\"patrimoine\");\nconst slider = document.getElementById(\"ifiRange\");\n\nslider.addEventListener(\"input\", function() {\n  input.value = parseInt(this.value).toLocaleString('fr-FR');\n});\n\ninput.addEventListener(\"input\", function() {\n  let raw = this.value.replace(\/\\s\/g, '');\n  slider.value = raw;\n});\n\nfunction calculIFI() {\n  let valeur = parseFloat(input.value.replace(\/\\s\/g, ''));\n  let ifi = 0;\n\n  if (valeur <= 1300000) {\n    ifi = 0;\n  } else if (valeur <= 2570000) {\n    ifi = (valeur - 1300000) * 0.007;\n  } else if (valeur <= 5000000) {\n    ifi = (1270000 * 0.007) + (valeur - 2570000) * 0.01;\n  } else if (valeur <= 10000000) {\n    ifi = (1270000 * 0.007) + (2430000 * 0.01) + (valeur - 5000000) * 0.0125;\n  } else {\n    ifi = (1270000 * 0.007) + (2430000 * 0.01) + (5000000 * 0.0125) + (valeur - 10000000) * 0.015;\n  }\n\n  document.getElementById(\"resultat\").innerHTML =\n    ifi.toLocaleString('fr-FR') + \" \u20ac\";\n}\n<\/script>\n\n\t\t\t\t<\/div>\n\t\t\t\t\t<\/div>\n\t\t<\/div>\n\t\t\t\t\t<\/div>\n\t\t<\/section>\n\t\t\t\t<\/div>","protected":false},"excerpt":{"rendered":"<p>Calculate your IFI (French Wealth Tax) Quickly estimate your Real Estate Wealth Tax Net taxable value \u20ac Get results Estimated amount: \u20ac0<\/p>","protected":false},"author":1,"featured_media":0,"parent":183,"menu_order":0,"comment_status":"closed","ping_status":"closed","template":"","meta":{"footnotes":""},"class_list":["post-1460","page","type-page","status-publish","hentry"],"acf":[],"yoast_head":"<!-- This site is optimized with the Yoast SEO plugin v27.1.1 - https:\/\/yoast.com\/product\/yoast-seo-wordpress\/ -->\n<title>Calculez votre IFI - Simulateur \u00e0 Lyon, Rh\u00f4ne - Ariane Immobilier<\/title>\n<meta name=\"description\" content=\"Estimez rapidement votre IFI \u00e0 Lyon gr\u00e2ce au simulateur Ariane Immobilier et obtenez une vision claire de votre fiscalit\u00e9 patrimoniale.\" \/>\n<meta name=\"robots\" content=\"index, follow, max-snippet:-1, max-image-preview:large, max-video-preview:-1\" \/>\n<link rel=\"canonical\" href=\"https:\/\/arianeimmobilier.fr\/en\/simulateurs\/calculez-votre-ifi\/\" \/>\n<meta property=\"og:locale\" content=\"en_GB\" \/>\n<meta property=\"og:type\" content=\"article\" \/>\n<meta property=\"og:title\" content=\"Calculez votre IFI - Simulateur \u00e0 Lyon, Rh\u00f4ne - Ariane Immobilier\" \/>\n<meta property=\"og:description\" content=\"Estimez rapidement votre IFI \u00e0 Lyon gr\u00e2ce au simulateur Ariane Immobilier et obtenez une vision claire de votre fiscalit\u00e9 patrimoniale.\" \/>\n<meta property=\"og:url\" content=\"https:\/\/arianeimmobilier.fr\/en\/simulateurs\/calculez-votre-ifi\/\" \/>\n<meta property=\"og:site_name\" content=\"Ariane Immobilier\" \/>\n<meta property=\"article:modified_time\" content=\"2026-02-11T14:59:46+00:00\" \/>\n<meta name=\"twitter:card\" content=\"summary_large_image\" \/>\n<meta name=\"twitter:label1\" content=\"Estimated reading time\" \/>\n\t<meta name=\"twitter:data1\" content=\"1 minute\" \/>\n<script type=\"application\/ld+json\" class=\"yoast-schema-graph\">{\"@context\":\"https:\/\/schema.org\",\"@graph\":[{\"@type\":\"WebPage\",\"@id\":\"https:\/\/arianeimmobilier.fr\/simulateurs\/calculez-votre-ifi\/\",\"url\":\"https:\/\/arianeimmobilier.fr\/simulateurs\/calculez-votre-ifi\/\",\"name\":\"Calculez votre IFI - Simulateur \u00e0 Lyon, Rh\u00f4ne - Ariane Immobilier\",\"isPartOf\":{\"@id\":\"https:\/\/arianeimmobilier.fr\/#website\"},\"datePublished\":\"2025-12-08T13:38:17+00:00\",\"dateModified\":\"2026-02-11T14:59:46+00:00\",\"description\":\"Estimez rapidement votre IFI \u00e0 Lyon gr\u00e2ce au simulateur Ariane Immobilier et obtenez une vision claire de votre fiscalit\u00e9 patrimoniale.\",\"breadcrumb\":{\"@id\":\"https:\/\/arianeimmobilier.fr\/simulateurs\/calculez-votre-ifi\/#breadcrumb\"},\"inLanguage\":\"en-GB\",\"potentialAction\":[{\"@type\":\"ReadAction\",\"target\":[\"https:\/\/arianeimmobilier.fr\/simulateurs\/calculez-votre-ifi\/\"]}]},{\"@type\":\"BreadcrumbList\",\"@id\":\"https:\/\/arianeimmobilier.fr\/simulateurs\/calculez-votre-ifi\/#breadcrumb\",\"itemListElement\":[{\"@type\":\"ListItem\",\"position\":1,\"name\":\"Accueil\",\"item\":\"https:\/\/arianeimmobilier.fr\/\"},{\"@type\":\"ListItem\",\"position\":2,\"name\":\"Simulateurs\",\"item\":\"https:\/\/arianeimmobilier.fr\/simulateurs\/\"},{\"@type\":\"ListItem\",\"position\":3,\"name\":\"Calculez votre IFI\"}]},{\"@type\":\"WebSite\",\"@id\":\"https:\/\/arianeimmobilier.fr\/#website\",\"url\":\"https:\/\/arianeimmobilier.fr\/\",\"name\":\"Ariane Immobilier\",\"description\":\"\",\"potentialAction\":[{\"@type\":\"SearchAction\",\"target\":{\"@type\":\"EntryPoint\",\"urlTemplate\":\"https:\/\/arianeimmobilier.fr\/?s={search_term_string}\"},\"query-input\":{\"@type\":\"PropertyValueSpecification\",\"valueRequired\":true,\"valueName\":\"search_term_string\"}}],\"inLanguage\":\"en-GB\"}]}<\/script>\n<!-- \/ Yoast SEO plugin. -->","yoast_head_json":{"title":"Calculez votre IFI - Simulateur \u00e0 Lyon, Rh\u00f4ne - Ariane Immobilier","description":"Estimez rapidement votre IFI \u00e0 Lyon gr\u00e2ce au simulateur Ariane Immobilier et obtenez une vision claire de votre fiscalit\u00e9 patrimoniale.","robots":{"index":"index","follow":"follow","max-snippet":"max-snippet:-1","max-image-preview":"max-image-preview:large","max-video-preview":"max-video-preview:-1"},"canonical":"https:\/\/arianeimmobilier.fr\/en\/simulateurs\/calculez-votre-ifi\/","og_locale":"en_GB","og_type":"article","og_title":"Calculez votre IFI - Simulateur \u00e0 Lyon, Rh\u00f4ne - Ariane Immobilier","og_description":"Estimez rapidement votre IFI \u00e0 Lyon gr\u00e2ce au simulateur Ariane Immobilier et obtenez une vision claire de votre fiscalit\u00e9 patrimoniale.","og_url":"https:\/\/arianeimmobilier.fr\/en\/simulateurs\/calculez-votre-ifi\/","og_site_name":"Ariane Immobilier","article_modified_time":"2026-02-11T14:59:46+00:00","twitter_card":"summary_large_image","twitter_misc":{"Estimated reading time":"1 minute"},"schema":{"@context":"https:\/\/schema.org","@graph":[{"@type":"WebPage","@id":"https:\/\/arianeimmobilier.fr\/simulateurs\/calculez-votre-ifi\/","url":"https:\/\/arianeimmobilier.fr\/simulateurs\/calculez-votre-ifi\/","name":"Calculez votre IFI - Simulateur \u00e0 Lyon, Rh\u00f4ne - Ariane Immobilier","isPartOf":{"@id":"https:\/\/arianeimmobilier.fr\/#website"},"datePublished":"2025-12-08T13:38:17+00:00","dateModified":"2026-02-11T14:59:46+00:00","description":"Estimez rapidement votre IFI \u00e0 Lyon gr\u00e2ce au simulateur Ariane Immobilier et obtenez une vision claire de votre fiscalit\u00e9 patrimoniale.","breadcrumb":{"@id":"https:\/\/arianeimmobilier.fr\/simulateurs\/calculez-votre-ifi\/#breadcrumb"},"inLanguage":"en-GB","potentialAction":[{"@type":"ReadAction","target":["https:\/\/arianeimmobilier.fr\/simulateurs\/calculez-votre-ifi\/"]}]},{"@type":"BreadcrumbList","@id":"https:\/\/arianeimmobilier.fr\/simulateurs\/calculez-votre-ifi\/#breadcrumb","itemListElement":[{"@type":"ListItem","position":1,"name":"Accueil","item":"https:\/\/arianeimmobilier.fr\/"},{"@type":"ListItem","position":2,"name":"Simulateurs","item":"https:\/\/arianeimmobilier.fr\/simulateurs\/"},{"@type":"ListItem","position":3,"name":"Calculez votre IFI"}]},{"@type":"WebSite","@id":"https:\/\/arianeimmobilier.fr\/#website","url":"https:\/\/arianeimmobilier.fr\/","name":"Ariane Real Estate","description":"","potentialAction":[{"@type":"SearchAction","target":{"@type":"EntryPoint","urlTemplate":"https:\/\/arianeimmobilier.fr\/?s={search_term_string}"},"query-input":{"@type":"PropertyValueSpecification","valueRequired":true,"valueName":"search_term_string"}}],"inLanguage":"en-GB"}]}},"_links":{"self":[{"href":"https:\/\/arianeimmobilier.fr\/en\/wp-json\/wp\/v2\/pages\/1460","targetHints":{"allow":["GET"]}}],"collection":[{"href":"https:\/\/arianeimmobilier.fr\/en\/wp-json\/wp\/v2\/pages"}],"about":[{"href":"https:\/\/arianeimmobilier.fr\/en\/wp-json\/wp\/v2\/types\/page"}],"author":[{"embeddable":true,"href":"https:\/\/arianeimmobilier.fr\/en\/wp-json\/wp\/v2\/users\/1"}],"replies":[{"embeddable":true,"href":"https:\/\/arianeimmobilier.fr\/en\/wp-json\/wp\/v2\/comments?post=1460"}],"version-history":[{"count":23,"href":"https:\/\/arianeimmobilier.fr\/en\/wp-json\/wp\/v2\/pages\/1460\/revisions"}],"predecessor-version":[{"id":7887,"href":"https:\/\/arianeimmobilier.fr\/en\/wp-json\/wp\/v2\/pages\/1460\/revisions\/7887"}],"up":[{"embeddable":true,"href":"https:\/\/arianeimmobilier.fr\/en\/wp-json\/wp\/v2\/pages\/183"}],"wp:attachment":[{"href":"https:\/\/arianeimmobilier.fr\/en\/wp-json\/wp\/v2\/media?parent=1460"}],"curies":[{"name":"wp","href":"https:\/\/api.w.org\/{rel}","templated":true}]}}