{"id":131,"date":"2025-12-07T17:43:16","date_gmt":"2025-12-07T17:43:16","guid":{"rendered":"https:\/\/arianeimmobilier.fr\/?page_id=131"},"modified":"2025-12-08T10:21:20","modified_gmt":"2025-12-08T10:21:20","slug":"utilisation-des-cookies","status":"publish","type":"page","link":"https:\/\/arianeimmobilier.fr\/en\/utilisation-des-cookies\/","title":{"rendered":"Use of cookies"},"content":{"rendered":"<div data-elementor-type=\"wp-page\" data-elementor-id=\"131\" class=\"elementor elementor-131\" data-elementor-post-type=\"page\">\n\t\t\t\t\t\t<section class=\"elementor-section elementor-top-section elementor-element elementor-element-68a95fba elementor-section-boxed elementor-section-height-default elementor-section-height-default\" data-id=\"68a95fba\" data-element_type=\"section\" data-e-type=\"section\" data-settings=\"{&quot;background_background&quot;:&quot;classic&quot;}\">\n\t\t\t\t\t\t\t<div class=\"elementor-background-overlay\"><\/div>\n\t\t\t\t\t\t\t<div class=\"elementor-container elementor-column-gap-default\">\n\t\t\t\t\t<div class=\"elementor-column elementor-col-100 elementor-top-column elementor-element elementor-element-19b4bf5b\" data-id=\"19b4bf5b\" data-element_type=\"column\" data-e-type=\"column\">\n\t\t\t<div class=\"elementor-widget-wrap elementor-element-populated\">\n\t\t\t\t\t\t<div class=\"elementor-element elementor-element-2ed844ae elementor-widget elementor-widget-heading\" data-id=\"2ed844ae\" data-element_type=\"widget\" data-e-type=\"widget\" data-widget_type=\"heading.default\">\n\t\t\t\t\t<h1 class=\"elementor-heading-title elementor-size-default\">Use of cookies<\/h1>\t\t\t\t<\/div>\n\t\t\t\t<div class=\"elementor-element elementor-element-563888cf elementor-widget elementor-widget-text-editor\" data-id=\"563888cf\" data-element_type=\"widget\" data-e-type=\"widget\" data-widget_type=\"text-editor.default\">\n\t\t\t\t\t\t\t\t\t<h2>Use of cookies<\/h2><div class=\"content-cookies\"><h3>What is a cookie?<\/h3><p>A cookie is a small text file that websites save on your computer or mobile device when you visit them. It allows these sites to remember your actions and preferences (username, language, font size, and other display settings) for a certain period of time, so you don&#039;t have to re-enter this information each time you visit the site or navigate from one page to another.<\/p><h3>How can I disable cookies?<\/h3><p>You can control and\/or delete cookies as you wish. To learn more, see <a href=\"https:\/\/www.aboutcookies.org\" target=\"_blank\" rel=\"noopener\">aboutcookies.org<\/a>. You have the option to delete all cookies already stored on your computer and to configure most browsers to block them. However, in this case, you may have to manually enter certain preferences each time you visit a website, and some services and features may not be available.<\/p><h3>Why do we use cookies?<\/h3><p>We use cookies for purposes including:<\/p><p>Manage your preferences while browsing the site<\/p><p>Improving our services and enabling audience measurement<\/p><p>Other cookies may be added by third-party applications such as social media sharing buttons.<\/p><\/div>\t\t\t\t\t\t\t\t<\/div>\n\t\t\t\t\t<\/div>\n\t\t<\/div>\n\t\t\t\t\t<\/div>\n\t\t<\/section>\n\t\t\t\t<\/div>","protected":false},"excerpt":{"rendered":"<p>Use of cookies What is a cookie? A cookie is a small text file that websites save on your computer or mobile device when you visit them. It allows these sites to remember your actions and preferences (username, language, font size, and other display settings) for [\u2026]<\/p>","protected":false},"author":1,"featured_media":0,"parent":0,"menu_order":0,"comment_status":"closed","ping_status":"closed","template":"","meta":{"footnotes":""},"class_list":["post-131","page","type-page","status-publish","hentry"],"acf":[],"yoast_head":"<!-- This site is optimized with the Yoast SEO plugin v27.1.1 - https:\/\/yoast.com\/product\/yoast-seo-wordpress\/ -->\n<title>Utilisation des cookies - Ariane Immobilier<\/title>\n<meta name=\"description\" content=\"En savoir plus sur l\u2019utilisation des cookies par Ariane Immobilier : gestion, finalit\u00e9s et options pour une navigation ma\u00eetris\u00e9e.\" \/>\n<meta name=\"robots\" content=\"index, follow, max-snippet:-1, max-image-preview:large, max-video-preview:-1\" \/>\n<link rel=\"canonical\" href=\"https:\/\/arianeimmobilier.fr\/en\/utilisation-des-cookies\/\" \/>\n<meta property=\"og:locale\" content=\"en_GB\" \/>\n<meta property=\"og:type\" content=\"article\" \/>\n<meta property=\"og:title\" content=\"Utilisation des cookies - Ariane Immobilier\" \/>\n<meta property=\"og:description\" content=\"En savoir plus sur l\u2019utilisation des cookies par Ariane Immobilier : gestion, finalit\u00e9s et options pour une navigation ma\u00eetris\u00e9e.\" \/>\n<meta property=\"og:url\" content=\"https:\/\/arianeimmobilier.fr\/en\/utilisation-des-cookies\/\" \/>\n<meta property=\"og:site_name\" content=\"Ariane Immobilier\" \/>\n<meta property=\"article:modified_time\" content=\"2025-12-08T10:21:20+00:00\" \/>\n<meta name=\"twitter:card\" content=\"summary_large_image\" \/>\n<meta name=\"twitter:label1\" content=\"Estimated reading time\" \/>\n\t<meta name=\"twitter:data1\" content=\"2 minutes\" \/>\n<script type=\"application\/ld+json\" class=\"yoast-schema-graph\">{\"@context\":\"https:\/\/schema.org\",\"@graph\":[{\"@type\":\"WebPage\",\"@id\":\"https:\/\/arianeimmobilier.fr\/utilisation-des-cookies\/\",\"url\":\"https:\/\/arianeimmobilier.fr\/utilisation-des-cookies\/\",\"name\":\"Utilisation des cookies - Ariane Immobilier\",\"isPartOf\":{\"@id\":\"https:\/\/arianeimmobilier.fr\/#website\"},\"datePublished\":\"2025-12-07T17:43:16+00:00\",\"dateModified\":\"2025-12-08T10:21:20+00:00\",\"description\":\"En savoir plus sur l\u2019utilisation des cookies par Ariane Immobilier : gestion, finalit\u00e9s et options pour une navigation ma\u00eetris\u00e9e.\",\"breadcrumb\":{\"@id\":\"https:\/\/arianeimmobilier.fr\/utilisation-des-cookies\/#breadcrumb\"},\"inLanguage\":\"en-GB\",\"potentialAction\":[{\"@type\":\"ReadAction\",\"target\":[\"https:\/\/arianeimmobilier.fr\/utilisation-des-cookies\/\"]}]},{\"@type\":\"BreadcrumbList\",\"@id\":\"https:\/\/arianeimmobilier.fr\/utilisation-des-cookies\/#breadcrumb\",\"itemListElement\":[{\"@type\":\"ListItem\",\"position\":1,\"name\":\"Accueil\",\"item\":\"https:\/\/arianeimmobilier.fr\/\"},{\"@type\":\"ListItem\",\"position\":2,\"name\":\"Utilisation des cookies\"}]},{\"@type\":\"WebSite\",\"@id\":\"https:\/\/arianeimmobilier.fr\/#website\",\"url\":\"https:\/\/arianeimmobilier.fr\/\",\"name\":\"Ariane Immobilier\",\"description\":\"\",\"potentialAction\":[{\"@type\":\"SearchAction\",\"target\":{\"@type\":\"EntryPoint\",\"urlTemplate\":\"https:\/\/arianeimmobilier.fr\/?s={search_term_string}\"},\"query-input\":{\"@type\":\"PropertyValueSpecification\",\"valueRequired\":true,\"valueName\":\"search_term_string\"}}],\"inLanguage\":\"en-GB\"}]}<\/script>\n<!-- \/ Yoast SEO plugin. -->","yoast_head_json":{"title":"Use of cookies - Ariane Immobilier","description":"Learn more about how Ariane Immobilier uses cookies: management, purposes and options for controlled browsing.","robots":{"index":"index","follow":"follow","max-snippet":"max-snippet:-1","max-image-preview":"max-image-preview:large","max-video-preview":"max-video-preview:-1"},"canonical":"https:\/\/arianeimmobilier.fr\/en\/utilisation-des-cookies\/","og_locale":"en_GB","og_type":"article","og_title":"Utilisation des cookies - Ariane Immobilier","og_description":"En savoir plus sur l\u2019utilisation des cookies par Ariane Immobilier : gestion, finalit\u00e9s et options pour une navigation ma\u00eetris\u00e9e.","og_url":"https:\/\/arianeimmobilier.fr\/en\/utilisation-des-cookies\/","og_site_name":"Ariane Immobilier","article_modified_time":"2025-12-08T10:21:20+00:00","twitter_card":"summary_large_image","twitter_misc":{"Estimated reading time":"2 minutes"},"schema":{"@context":"https:\/\/schema.org","@graph":[{"@type":"WebPage","@id":"https:\/\/arianeimmobilier.fr\/utilisation-des-cookies\/","url":"https:\/\/arianeimmobilier.fr\/utilisation-des-cookies\/","name":"Use of cookies - Ariane Immobilier","isPartOf":{"@id":"https:\/\/arianeimmobilier.fr\/#website"},"datePublished":"2025-12-07T17:43:16+00:00","dateModified":"2025-12-08T10:21:20+00:00","description":"Learn more about how Ariane Immobilier uses cookies: management, purposes and options for controlled browsing.","breadcrumb":{"@id":"https:\/\/arianeimmobilier.fr\/utilisation-des-cookies\/#breadcrumb"},"inLanguage":"en-GB","potentialAction":[{"@type":"ReadAction","target":["https:\/\/arianeimmobilier.fr\/utilisation-des-cookies\/"]}]},{"@type":"BreadcrumbList","@id":"https:\/\/arianeimmobilier.fr\/utilisation-des-cookies\/#breadcrumb","itemListElement":[{"@type":"ListItem","position":1,"name":"Accueil","item":"https:\/\/arianeimmobilier.fr\/"},{"@type":"ListItem","position":2,"name":"Utilisation des cookies"}]},{"@type":"WebSite","@id":"https:\/\/arianeimmobilier.fr\/#website","url":"https:\/\/arianeimmobilier.fr\/","name":"Ariane Real Estate","description":"","potentialAction":[{"@type":"SearchAction","target":{"@type":"EntryPoint","urlTemplate":"https:\/\/arianeimmobilier.fr\/?s={search_term_string}"},"query-input":{"@type":"PropertyValueSpecification","valueRequired":true,"valueName":"search_term_string"}}],"inLanguage":"en-GB"}]}},"_links":{"self":[{"href":"https:\/\/arianeimmobilier.fr\/en\/wp-json\/wp\/v2\/pages\/131","targetHints":{"allow":["GET"]}}],"collection":[{"href":"https:\/\/arianeimmobilier.fr\/en\/wp-json\/wp\/v2\/pages"}],"about":[{"href":"https:\/\/arianeimmobilier.fr\/en\/wp-json\/wp\/v2\/types\/page"}],"author":[{"embeddable":true,"href":"https:\/\/arianeimmobilier.fr\/en\/wp-json\/wp\/v2\/users\/1"}],"replies":[{"embeddable":true,"href":"https:\/\/arianeimmobilier.fr\/en\/wp-json\/wp\/v2\/comments?post=131"}],"version-history":[{"count":7,"href":"https:\/\/arianeimmobilier.fr\/en\/wp-json\/wp\/v2\/pages\/131\/revisions"}],"predecessor-version":[{"id":152,"href":"https:\/\/arianeimmobilier.fr\/en\/wp-json\/wp\/v2\/pages\/131\/revisions\/152"}],"wp:attachment":[{"href":"https:\/\/arianeimmobilier.fr\/en\/wp-json\/wp\/v2\/media?parent=131"}],"curies":[{"name":"wp","href":"https:\/\/api.w.org\/{rel}","templated":true}]}}