{"id":129,"date":"2025-12-07T17:43:04","date_gmt":"2025-12-07T17:43:04","guid":{"rendered":"https:\/\/arianeimmobilier.fr\/?page_id=129"},"modified":"2025-12-08T10:21:38","modified_gmt":"2025-12-08T10:21:38","slug":"donnees-personnelles","status":"publish","type":"page","link":"https:\/\/arianeimmobilier.fr\/en\/donnees-personnelles\/","title":{"rendered":"Personal data"},"content":{"rendered":"<div data-elementor-type=\"wp-page\" data-elementor-id=\"129\" class=\"elementor elementor-129\" data-elementor-post-type=\"page\">\n\t\t\t\t\t\t<section class=\"elementor-section elementor-top-section elementor-element elementor-element-69f61c5 elementor-section-boxed elementor-section-height-default elementor-section-height-default\" data-id=\"69f61c5\" data-element_type=\"section\" data-e-type=\"section\" data-settings=\"{&quot;background_background&quot;:&quot;classic&quot;}\">\n\t\t\t\t\t\t\t<div class=\"elementor-background-overlay\"><\/div>\n\t\t\t\t\t\t\t<div class=\"elementor-container elementor-column-gap-default\">\n\t\t\t\t\t<div class=\"elementor-column elementor-col-100 elementor-top-column elementor-element elementor-element-7137519\" data-id=\"7137519\" data-element_type=\"column\" data-e-type=\"column\">\n\t\t\t<div class=\"elementor-widget-wrap elementor-element-populated\">\n\t\t\t\t\t\t<div class=\"elementor-element elementor-element-b8364ca elementor-widget elementor-widget-heading\" data-id=\"b8364ca\" data-element_type=\"widget\" data-e-type=\"widget\" data-widget_type=\"heading.default\">\n\t\t\t\t\t<h1 class=\"elementor-heading-title elementor-size-default\">Personal data<\/h1>\t\t\t\t<\/div>\n\t\t\t\t<div class=\"elementor-element elementor-element-3174454 elementor-widget elementor-widget-text-editor\" data-id=\"3174454\" data-element_type=\"widget\" data-e-type=\"widget\" data-widget_type=\"text-editor.default\">\n\t\t\t\t\t\t\t\t\t<h2>Personal data<\/h2><p>Use of the Site is subject to the conditions below. Accessing and browsing the Site implies acceptance of these conditions:<\/p><p>Site: refers to the website that you access from your internet browser<\/p><p>The Agency: refers to the real estate agency(ies) present on the website; which publishes the listings and collects the data entered by the user on the contact forms.<\/p><p>The personal data that may be collected on the Site are as follows:<\/p><ul><li>Cookies: Cookies are used when you use the Site to collect certain information (in particular, your IP address, information about the computer used for browsing, the connection method, the type and version of your internet browser, your operating system, and other technical identifiers, as well as the URLs of connections, including the date and time, and the content accessed). You can disable cookies in your browser settings.<\/li><li>Contact form: When filling out the contact form, your name, surname, email address and your message are collected.<\/li><\/ul><p>Your personal data is used primarily for the following purposes:<\/p><ul><li>managing the relationship with you; ;<\/li><li>provision of personalized content and services, based on your browsing history, preferences and interests; ;<\/li><\/ul><p>When certain information is required to access specific features of the Site, this requirement is indicated at the time of data entry. If you refuse to provide required information, you may not be able to access certain services, features, or sections of the Site.<\/p><p>Your personal information is kept for a period not exceeding 36 months, unless:<\/p><ul><li>You are exercising, under the conditions set out below, one of the rights granted to you by law; ;<\/li><li>A longer storage period is permitted or required under a legal or regulatory provision; ;<\/li><li>This lease can be renewed if you continue the business relationship.<\/li><\/ul><p>During this period, the Site puts in place the organizational, software, legal, technical and physical means capable of ensuring the confidentiality and security of your personal data, in order to prevent its damage, erasure or access by unauthorized third parties.<\/p><div class=\"privacy-access\"><h2>Access to personal data<\/h2><p>Access to your personal data is strictly limited to the Agency&#039;s staff and sales agents, who are authorized by virtue of their roles and bound by a duty of confidentiality. However, the collected data may be shared with subcontractors contractually responsible for performing tasks necessary for the proper functioning of the Website and its services, as well as for managing our relationship with you, without requiring your explicit consent. It should be noted that, in the course of performing their services, these subcontractors have only limited access to your data and are contractually obligated to use it in accordance with applicable data protection legislation. Except as stated above, the Agency undertakes not to sell, rent, transfer, or grant access to your data to third parties without your prior consent, unless legally required to do so (legal obligation, combating fraud or abuse, exercising the right to defend oneself, etc.).<\/p><p>In accordance with applicable legal and regulatory provisions, in particular Law No. 78-17 of 6 January 1978 as amended relating to information technology, data files and civil liberties and European Regulation No. 2016\/679\/EU of 27 April 2016 (applicable from 25 May 2018), you have the following rights:<\/p><ul><li>Exercise your right of access to find out what personal data concerns you; ;<\/li><li>Request an update of your data if it is inaccurate; ;<\/li><li>Request the portability or deletion of your data; ;<\/li><li>Request the restriction of the processing of your data; ;<\/li><li>You have the right to object, for legitimate reasons, to the processing of your data; ;<\/li><li>You have the right to object to or withdraw your consent to the use of your contact information by our services for sending promotional and marketing communications via email, SMS, telephone calls, and postal mail. This right remains valid whether the information concerning you was transmitted to us directly by you or by third-party partners to whom you provided it (in this case, you will need to click on the unsubscribe links provided in our SMS messages or emails, or contact us as described below).<\/li><\/ul><p>These various rights can be exercised either by modifying your account settings, directly on the Site under the &quot;Contact&quot; section, by mail, or by email to the address provided via the &quot;Legal Notice&quot; link.<\/p><p>For security reasons and to prevent fraudulent requests, this request must be accompanied by proof of identity. The proof of identity will be destroyed once the request has been processed.<\/p><p>For any further information or complaints, you can contact the National Commission for Information Technology and Freedoms (more information on www.cnil.fr).<\/p><\/div><h2>Policy related to telephone solicitation<\/h2><p>We inform you of your right to register on the telephone marketing opt-out list and suggest you register on Bloctel.<\/p><p>Bloctel is the telephone marketing opt-out list on which any consumer can register for free in order to no longer be contacted by telephone by a professional with whom they do not have a current contractual relationship, in accordance with Law No. 2014-344 of March 17, 2014 relating to consumption.<\/p><p>The law specifies that it is forbidden for any professional, directly or through a third party acting on their behalf, to solicit by telephone a consumer registered on this list, except in the cases listed by law.<\/p><ul><li>For more information: <a href=\"https:\/\/www.bloctel.gouv.fr\/\" target=\"_blank\" rel=\"noopener\">https:\/\/www.bloctel.gouv.fr\/<\/a><\/li><li>To register:<a href=\"https:\/\/www.bloctel.gouv.fr\/\" target=\"_blank\" rel=\"noopener\">https:\/\/conso.bloctel.fr\/<\/a><\/li><\/ul>\t\t\t\t\t\t\t\t<\/div>\n\t\t\t\t\t<\/div>\n\t\t<\/div>\n\t\t\t\t\t<\/div>\n\t\t<\/section>\n\t\t\t\t<\/div>","protected":false},"excerpt":{"rendered":"<p>Personal Data Use of the Site is subject to the conditions below. Accessing and browsing the Site implies acceptance of these conditions: Site: refers to the website you access through your internet browser. The Agency: refers to the real estate agency(ies) present on the website; which publishes the [\u2026]<\/p>","protected":false},"author":1,"featured_media":0,"parent":0,"menu_order":0,"comment_status":"closed","ping_status":"closed","template":"","meta":{"footnotes":""},"class_list":["post-129","page","type-page","status-publish","hentry"],"acf":[],"yoast_head":"<!-- This site is optimized with the Yoast SEO plugin v27.1.1 - https:\/\/yoast.com\/product\/yoast-seo-wordpress\/ -->\n<title>Donn\u00e9es personnelles - Ariane Immobilier<\/title>\n<meta name=\"description\" content=\"D\u00e9couvrez comment Ariane Immobilier prot\u00e8ge et utilise vos donn\u00e9es personnelles en accord avec la r\u00e9glementation en vigueur.\" \/>\n<meta name=\"robots\" content=\"index, follow, max-snippet:-1, max-image-preview:large, max-video-preview:-1\" \/>\n<link rel=\"canonical\" href=\"https:\/\/arianeimmobilier.fr\/en\/donnees-personnelles\/\" \/>\n<meta property=\"og:locale\" content=\"en_GB\" \/>\n<meta property=\"og:type\" content=\"article\" \/>\n<meta property=\"og:title\" content=\"Donn\u00e9es personnelles - Ariane Immobilier\" \/>\n<meta property=\"og:description\" content=\"D\u00e9couvrez comment Ariane Immobilier prot\u00e8ge et utilise vos donn\u00e9es personnelles en accord avec la r\u00e9glementation en vigueur.\" \/>\n<meta property=\"og:url\" content=\"https:\/\/arianeimmobilier.fr\/en\/donnees-personnelles\/\" \/>\n<meta property=\"og:site_name\" content=\"Ariane Immobilier\" \/>\n<meta property=\"article:modified_time\" content=\"2025-12-08T10:21:38+00:00\" \/>\n<meta name=\"twitter:card\" content=\"summary_large_image\" \/>\n<meta name=\"twitter:label1\" content=\"Estimated reading time\" \/>\n\t<meta name=\"twitter:data1\" content=\"5 minutes\" \/>\n<script type=\"application\/ld+json\" class=\"yoast-schema-graph\">{\"@context\":\"https:\/\/schema.org\",\"@graph\":[{\"@type\":\"WebPage\",\"@id\":\"https:\/\/arianeimmobilier.fr\/donnees-personnelles\/\",\"url\":\"https:\/\/arianeimmobilier.fr\/donnees-personnelles\/\",\"name\":\"Donn\u00e9es personnelles - Ariane Immobilier\",\"isPartOf\":{\"@id\":\"https:\/\/arianeimmobilier.fr\/#website\"},\"datePublished\":\"2025-12-07T17:43:04+00:00\",\"dateModified\":\"2025-12-08T10:21:38+00:00\",\"description\":\"D\u00e9couvrez comment Ariane Immobilier prot\u00e8ge et utilise vos donn\u00e9es personnelles en accord avec la r\u00e9glementation en vigueur.\",\"breadcrumb\":{\"@id\":\"https:\/\/arianeimmobilier.fr\/donnees-personnelles\/#breadcrumb\"},\"inLanguage\":\"en-GB\",\"potentialAction\":[{\"@type\":\"ReadAction\",\"target\":[\"https:\/\/arianeimmobilier.fr\/donnees-personnelles\/\"]}]},{\"@type\":\"BreadcrumbList\",\"@id\":\"https:\/\/arianeimmobilier.fr\/donnees-personnelles\/#breadcrumb\",\"itemListElement\":[{\"@type\":\"ListItem\",\"position\":1,\"name\":\"Accueil\",\"item\":\"https:\/\/arianeimmobilier.fr\/\"},{\"@type\":\"ListItem\",\"position\":2,\"name\":\"Donn\u00e9es personnelles\"}]},{\"@type\":\"WebSite\",\"@id\":\"https:\/\/arianeimmobilier.fr\/#website\",\"url\":\"https:\/\/arianeimmobilier.fr\/\",\"name\":\"Ariane Immobilier\",\"description\":\"\",\"potentialAction\":[{\"@type\":\"SearchAction\",\"target\":{\"@type\":\"EntryPoint\",\"urlTemplate\":\"https:\/\/arianeimmobilier.fr\/?s={search_term_string}\"},\"query-input\":{\"@type\":\"PropertyValueSpecification\",\"valueRequired\":true,\"valueName\":\"search_term_string\"}}],\"inLanguage\":\"en-GB\"}]}<\/script>\n<!-- \/ Yoast SEO plugin. -->","yoast_head_json":{"title":"Personal data - Ariane Immobilier","description":"Discover how Ariane Immobilier protects and uses your personal data in accordance with applicable regulations.","robots":{"index":"index","follow":"follow","max-snippet":"max-snippet:-1","max-image-preview":"max-image-preview:large","max-video-preview":"max-video-preview:-1"},"canonical":"https:\/\/arianeimmobilier.fr\/en\/donnees-personnelles\/","og_locale":"en_GB","og_type":"article","og_title":"Donn\u00e9es personnelles - Ariane Immobilier","og_description":"D\u00e9couvrez comment Ariane Immobilier prot\u00e8ge et utilise vos donn\u00e9es personnelles en accord avec la r\u00e9glementation en vigueur.","og_url":"https:\/\/arianeimmobilier.fr\/en\/donnees-personnelles\/","og_site_name":"Ariane Immobilier","article_modified_time":"2025-12-08T10:21:38+00:00","twitter_card":"summary_large_image","twitter_misc":{"Estimated reading time":"5 minutes"},"schema":{"@context":"https:\/\/schema.org","@graph":[{"@type":"WebPage","@id":"https:\/\/arianeimmobilier.fr\/donnees-personnelles\/","url":"https:\/\/arianeimmobilier.fr\/donnees-personnelles\/","name":"Personal data - Ariane Immobilier","isPartOf":{"@id":"https:\/\/arianeimmobilier.fr\/#website"},"datePublished":"2025-12-07T17:43:04+00:00","dateModified":"2025-12-08T10:21:38+00:00","description":"Discover how Ariane Immobilier protects and uses your personal data in accordance with applicable regulations.","breadcrumb":{"@id":"https:\/\/arianeimmobilier.fr\/donnees-personnelles\/#breadcrumb"},"inLanguage":"en-GB","potentialAction":[{"@type":"ReadAction","target":["https:\/\/arianeimmobilier.fr\/donnees-personnelles\/"]}]},{"@type":"BreadcrumbList","@id":"https:\/\/arianeimmobilier.fr\/donnees-personnelles\/#breadcrumb","itemListElement":[{"@type":"ListItem","position":1,"name":"Accueil","item":"https:\/\/arianeimmobilier.fr\/"},{"@type":"ListItem","position":2,"name":"Donn\u00e9es personnelles"}]},{"@type":"WebSite","@id":"https:\/\/arianeimmobilier.fr\/#website","url":"https:\/\/arianeimmobilier.fr\/","name":"Ariane Real Estate","description":"","potentialAction":[{"@type":"SearchAction","target":{"@type":"EntryPoint","urlTemplate":"https:\/\/arianeimmobilier.fr\/?s={search_term_string}"},"query-input":{"@type":"PropertyValueSpecification","valueRequired":true,"valueName":"search_term_string"}}],"inLanguage":"en-GB"}]}},"_links":{"self":[{"href":"https:\/\/arianeimmobilier.fr\/en\/wp-json\/wp\/v2\/pages\/129","targetHints":{"allow":["GET"]}}],"collection":[{"href":"https:\/\/arianeimmobilier.fr\/en\/wp-json\/wp\/v2\/pages"}],"about":[{"href":"https:\/\/arianeimmobilier.fr\/en\/wp-json\/wp\/v2\/types\/page"}],"author":[{"embeddable":true,"href":"https:\/\/arianeimmobilier.fr\/en\/wp-json\/wp\/v2\/users\/1"}],"replies":[{"embeddable":true,"href":"https:\/\/arianeimmobilier.fr\/en\/wp-json\/wp\/v2\/comments?post=129"}],"version-history":[{"count":7,"href":"https:\/\/arianeimmobilier.fr\/en\/wp-json\/wp\/v2\/pages\/129\/revisions"}],"predecessor-version":[{"id":174,"href":"https:\/\/arianeimmobilier.fr\/en\/wp-json\/wp\/v2\/pages\/129\/revisions\/174"}],"wp:attachment":[{"href":"https:\/\/arianeimmobilier.fr\/en\/wp-json\/wp\/v2\/media?parent=129"}],"curies":[{"name":"wp","href":"https:\/\/api.w.org\/{rel}","templated":true}]}}